{"id":15815,"date":"2025-08-02T09:14:57","date_gmt":"2025-08-02T12:14:57","guid":{"rendered":"https:\/\/lojaforcajovem.com.br\/?post_type=product&#038;p=15815"},"modified":"2026-04-05T14:53:20","modified_gmt":"2026-04-05T17:53:20","slug":"regata-algodao-parede-sede-forca-jovem-vasco-fjv","status":"publish","type":"product","link":"https:\/\/lojaforcajovem.com.br\/en\/product\/regata-algodao-parede-sede-forca-jovem-vasco-fjv\/","title":{"rendered":"Regata Algod\u00e3o Parede Sede For\u00e7a Jovem Vasco &#8211; FJV"},"content":{"rendered":"<p><strong>Regata Algod\u00e3o Parede Sede For\u00e7a Jovem Vasco &#8211; <a href=\"https:\/\/www.fjv.com.br\">FJV <\/a><\/strong>\u00a0&#8211; <strong>Toda Sublimada<\/strong><\/p>\n<p>Malha 100% Algod\u00e3o\u00a0 &#8211; TODA SUBLIMADA<\/p>\n<p><strong>TAMANHOS:<\/strong> P, M, G, GG, XG e XXG<\/p>\n<p><strong>Medidas<\/strong>:<br \/>\nTamanho P: 48cm Largura x 68 Comprimento<br \/>\nTamanho M: 52cm Largura x 70 Comprimento<br \/>\nTamanho G: 56cm Largura x 72 Comprimento<br \/>\nTamanho GG: 60cm Largura x 76 Comprimento<br \/>\nTamanho XG: 64cm Largura x 78 Comprimento<br \/>\nTamanho XXG: 68cm Largura x 82 Comprimento<\/p>\n<p>&gt;&gt;&gt;&gt;&gt;&gt;&gt;&gt;&gt;&gt;&gt;POR FAVOR, LEIA O AVISO ABAIXO. AS INFORMA\u00c7\u00d5ES S\u00c3O MUITO IMPORTANTES PARA EVITAR PROBLEMAS OU ABORRECIMENTOS.&lt;&lt;&lt;&lt;&lt;&lt;&lt;&lt;&lt;&lt;&lt;&lt;<\/p>\n<p>Caro cliente, voc\u00ea \u00e9 muito especial, e nosso maior desejo \u00e9 que voc\u00ea fique satisfeito e volte novamente, por isso preciso que esteja ciente de algo para evitar aborrecimentos.<\/p>\n<p>1\u00ba &#8211; Confira se seu cadastro est\u00e1 correto: nome, rua e n\u00famero e <strong>inclusive CEP<\/strong>, pois muitas cidades est\u00e3o mudando o CEP, pois depois de gerado a etiqueta de envio n\u00e3o tem como mudar estes dados e nem como eu cancelar. <strong>Esteja muito atento a isto<\/strong>.<\/p>\n<p>2\u00ba &#8211; N\u00f3s somente vendemos os produtos. O servi\u00e7o de entrega e feito pelos Correios e ultimamente eles t\u00eam atrasados algumas entregas.<\/p>\n<p>3\u00ba &#8211; Por favor, compreenda que frete \u00e9 um servi\u00e7o contratado entre o comprador e o correios (Melhor Envio) n\u00e3o somos intermedi\u00e1rios desta transa\u00e7\u00e3o, n\u00e3o recebemos qualquer dinheiro e n\u00e3o temos influ\u00eancia no prazo de entrega ou outros procedimentos aleat\u00f3rios que os Correios adotam.<\/p>\n<p>4\u00ba &#8211; N\u00e3o nos responsabilizamos por atraso nas entregas.<\/p>\n<p>5\u00ba &#8211; O frete Expresso \u00e9 a mesma coisa que Sedex e Normal \u00e9 a mesma coisa que PAC.<\/p>\n<p><strong>Observa\u00e7\u00e3o:<\/strong> N\u00e3o prometemos nenhuma data de entrega, pois a entrega \u00e9 um servi\u00e7o realizado pelos Correios.<\/p>\n<p>Prazo estimado \u00e9 uma estimativa de entrega, n\u00e3o \u00e9 uma promessa de entrega \u00e9 apenas uma estimativa m\u00e9dia de tempo de entrega para o seu CEP.<\/p>\n<p>Recomendamos optar pela entrega Expressa que \u00e9 Sedex por ser um servi\u00e7o mais confi\u00e1vel e mais r\u00e1pido no que diz respeito a prazo.<\/p>\n<p><strong>MAIS UMA VEZ VOLTAMOS A FRISAR: SE DESEJA QUE SUA ENCOMENDA CHEGUE MAIS R\u00c1PIDO FA\u00c7A A OP\u00c7\u00c3O PELO SISTEMA EXPRESSO (SEDEX).<\/strong><\/p>\n<p><strong># OBSERVA\u00c7\u00d5ES IMPORTANTES ANTES DA COMPRA:<\/strong><\/p>\n<p>&#8211; Antes de comprar, certifique-se de que seus dados est\u00e3o atualizados (nome, rua, n\u00famero, bairro, cidade, estado, cep, telefone, cpf e email)<br \/>\n&#8211; \u00c9 atrav\u00e9s destes dados que estarei enviando seu produto e realizando contato com voc\u00ea.<br \/>\n&#8211; Tire todas suas d\u00favidas whatsapp de atendimento da loja (hor\u00e1rio comercial);<br \/>\n&#8211; N\u00e3o me responsabilizo por endere\u00e7os incorretos, por isso aten\u00e7\u00e3o ao informar esses dados no hora da compra;<\/p>","protected":false},"excerpt":{"rendered":"<p><strong>Regata Algod\u00e3o Parede Sede For\u00e7a Jovem Vasco &#8211; <a href=\"https:\/\/www.fjv.com.br\">FJV <\/a><\/strong>\u00a0&#8211; <strong>Toda Sublimada<\/strong><\/p>\n<p>Malha 100% Algod\u00e3o\u00a0 &#8211; TODA SUBLIMADA<\/p>\n<p><strong>TAMANHOS:<\/strong> P, M, G, GG, XG e XXG<\/p>\n<p><strong>Medidas<\/strong>:<br \/>\nTamanho P: 48cm Largura x 68 Comprimento<br \/>\nTamanho M: 52cm Largura x 70 Comprimento<br \/>\nTamanho G: 56cm Largura x 72 Comprimento<br \/>\nTamanho GG: 60cm Largura x 76 Comprimento<br \/>\nTamanho XG: 64cm Largura x 78 Comprimento<br \/>\nTamanho XXG: 68cm Largura x 82 Comprimento<\/p>","protected":false},"featured_media":21111,"comment_status":"open","ping_status":"closed","template":"","meta":[],"product_brand":[],"product_cat":[86,87,20,81],"product_tag":[88,89,90,91,94,92],"class_list":{"0":"post-15815","1":"product","2":"type-product","3":"status-publish","4":"has-post-thumbnail","6":"product_cat-mais-vendidos","7":"product_cat-todos-os-produtos","8":"product_cat-masculino","9":"product_cat-regatas-masculino","10":"product_tag-fjv","11":"product_tag-forcajovem","12":"product_tag-forcajovemvasco","13":"product_tag-masculino","14":"product_tag-regata","15":"product_tag-vasco","17":"first","18":"instock","19":"shipping-taxable","20":"purchasable","21":"product-type-variable"},"yoast_head":"<!-- This site is optimized with the Yoast SEO Premium plugin v25.4 (Yoast SEO v26.6) - https:\/\/yoast.com\/wordpress\/plugins\/seo\/ -->\n<title>Regata Algod\u00e3o Parede Sede For\u00e7a Jovem Vasco - FJV - Portal Oficial da For\u00e7a Jovem do Vasco<\/title>\n<meta name=\"description\" content=\"Regata Algod\u00e3o Parede Sede For\u00e7a Jovem Vasco \u00a0- Toda Sublimada Malha 100% Algod\u00e3o\u00a0- SUBLIMADA NA FRENTE E ATR\u00c1S - Vasco da Gama - Rio de Janeiro\" \/>\n<meta name=\"robots\" content=\"index, follow, max-snippet:-1, max-image-preview:large, max-video-preview:-1\" \/>\n<link rel=\"canonical\" href=\"https:\/\/lojaforcajovem.com.br\/en\/product\/regata-algodao-parede-sede-forca-jovem-vasco-fjv\/\" \/>\n<meta property=\"og:locale\" content=\"en_US\" \/>\n<meta property=\"og:type\" content=\"article\" \/>\n<meta property=\"og:title\" content=\"Regata Algod\u00e3o Parede Sede For\u00e7a Jovem Vasco - FJV\" \/>\n<meta property=\"og:description\" content=\"Regata Algod\u00e3o Parede Sede For\u00e7a Jovem Vasco \u00a0- Toda Sublimada Malha 100% Algod\u00e3o\u00a0- SUBLIMADA NA FRENTE E ATR\u00c1S - Vasco da Gama - Rio de Janeiro\" \/>\n<meta property=\"og:url\" content=\"https:\/\/lojaforcajovem.com.br\/en\/product\/regata-algodao-parede-sede-forca-jovem-vasco-fjv\/\" \/>\n<meta property=\"og:site_name\" content=\"Portal Oficial da For\u00e7a Jovem do Vasco\" \/>\n<meta property=\"article:publisher\" content=\"https:\/\/facebook.com\/forcajovemvasco\" \/>\n<meta property=\"article:modified_time\" content=\"2026-04-05T17:53:20+00:00\" \/>\n<meta property=\"og:image\" content=\"https:\/\/lojaforcajovem.com.br\/wp-content\/uploads\/2025\/08\/regata_parede_01.png\" \/>\n\t<meta property=\"og:image:width\" content=\"700\" \/>\n\t<meta property=\"og:image:height\" content=\"650\" \/>\n\t<meta property=\"og:image:type\" content=\"image\/png\" \/>\n<meta name=\"twitter:card\" content=\"summary_large_image\" \/>\n<meta name=\"twitter:site\" content=\"@forcajovem70\" \/>\n<meta name=\"twitter:label1\" content=\"Est. reading time\" \/>\n\t<meta name=\"twitter:data1\" content=\"3 minutes\" \/>\n<script type=\"application\/ld+json\" class=\"yoast-schema-graph\">{\"@context\":\"https:\/\/schema.org\",\"@graph\":[{\"@type\":\"WebPage\",\"@id\":\"https:\/\/lojaforcajovem.com.br\/produto\/regata-algodao-parede-sede-forca-jovem-vasco-fjv\/\",\"url\":\"https:\/\/lojaforcajovem.com.br\/produto\/regata-algodao-parede-sede-forca-jovem-vasco-fjv\/\",\"name\":\"Regata Algod\u00e3o Parede Sede For\u00e7a Jovem Vasco - FJV - Portal Oficial da For\u00e7a Jovem do Vasco\",\"isPartOf\":{\"@id\":\"https:\/\/lojaforcajovem.com.br\/#website\"},\"primaryImageOfPage\":{\"@id\":\"https:\/\/lojaforcajovem.com.br\/produto\/regata-algodao-parede-sede-forca-jovem-vasco-fjv\/#primaryimage\"},\"image\":{\"@id\":\"https:\/\/lojaforcajovem.com.br\/produto\/regata-algodao-parede-sede-forca-jovem-vasco-fjv\/#primaryimage\"},\"thumbnailUrl\":\"https:\/\/lojaforcajovem.com.br\/wp-content\/uploads\/2025\/08\/regata_parede_01.png\",\"datePublished\":\"2025-08-02T12:14:57+00:00\",\"dateModified\":\"2026-04-05T17:53:20+00:00\",\"description\":\"Regata Algod\u00e3o Parede Sede For\u00e7a Jovem Vasco \u00a0- Toda Sublimada Malha 100% Algod\u00e3o\u00a0- SUBLIMADA NA FRENTE E ATR\u00c1S - Vasco da Gama - Rio de Janeiro\",\"breadcrumb\":{\"@id\":\"https:\/\/lojaforcajovem.com.br\/produto\/regata-algodao-parede-sede-forca-jovem-vasco-fjv\/#breadcrumb\"},\"inLanguage\":\"en-US\",\"potentialAction\":[{\"@type\":\"ReadAction\",\"target\":[\"https:\/\/lojaforcajovem.com.br\/produto\/regata-algodao-parede-sede-forca-jovem-vasco-fjv\/\"]}]},{\"@type\":\"ImageObject\",\"inLanguage\":\"en-US\",\"@id\":\"https:\/\/lojaforcajovem.com.br\/produto\/regata-algodao-parede-sede-forca-jovem-vasco-fjv\/#primaryimage\",\"url\":\"https:\/\/lojaforcajovem.com.br\/wp-content\/uploads\/2025\/08\/regata_parede_01.png\",\"contentUrl\":\"https:\/\/lojaforcajovem.com.br\/wp-content\/uploads\/2025\/08\/regata_parede_01.png\",\"width\":700,\"height\":650},{\"@type\":\"BreadcrumbList\",\"@id\":\"https:\/\/lojaforcajovem.com.br\/produto\/regata-algodao-parede-sede-forca-jovem-vasco-fjv\/#breadcrumb\",\"itemListElement\":[{\"@type\":\"ListItem\",\"position\":1,\"name\":\"In\u00edcio\",\"item\":\"https:\/\/lojaforcajovem.com.br\/\"},{\"@type\":\"ListItem\",\"position\":2,\"name\":\"Loja\",\"item\":\"https:\/\/lojaforcajovem.com.br\/loja\/\"},{\"@type\":\"ListItem\",\"position\":3,\"name\":\"Regata Algod\u00e3o Parede Sede For\u00e7a Jovem Vasco &#8211; FJV\"}]},{\"@type\":\"WebSite\",\"@id\":\"https:\/\/lojaforcajovem.com.br\/#website\",\"url\":\"https:\/\/lojaforcajovem.com.br\/\",\"name\":\"Portal Oficial da For\u00e7a Jovem do Vasco da Gama\",\"description\":\"Tudo sobre a For\u00e7a Jovem do Vasco em um s\u00f3 lugar, Loja Virtual, Site, Plataforma de Associados e muito mais.\",\"publisher\":{\"@id\":\"https:\/\/lojaforcajovem.com.br\/#organization\"},\"potentialAction\":[{\"@type\":\"SearchAction\",\"target\":{\"@type\":\"EntryPoint\",\"urlTemplate\":\"https:\/\/lojaforcajovem.com.br\/?s={search_term_string}\"},\"query-input\":{\"@type\":\"PropertyValueSpecification\",\"valueRequired\":true,\"valueName\":\"search_term_string\"}}],\"inLanguage\":\"en-US\"},{\"@type\":\"Organization\",\"@id\":\"https:\/\/lojaforcajovem.com.br\/#organization\",\"name\":\"Portal Oficial da For\u00e7a Jovem do Vasco da Gama\",\"url\":\"https:\/\/lojaforcajovem.com.br\/\",\"logo\":{\"@type\":\"ImageObject\",\"inLanguage\":\"en-US\",\"@id\":\"https:\/\/lojaforcajovem.com.br\/#\/schema\/logo\/image\/\",\"url\":\"https:\/\/lojaforcajovem.com.br\/wp-content\/uploads\/2024\/12\/logofjv.png\",\"contentUrl\":\"https:\/\/lojaforcajovem.com.br\/wp-content\/uploads\/2024\/12\/logofjv.png\",\"width\":572,\"height\":138,\"caption\":\"Portal Oficial da For\u00e7a Jovem do Vasco da Gama\"},\"image\":{\"@id\":\"https:\/\/lojaforcajovem.com.br\/#\/schema\/logo\/image\/\"},\"sameAs\":[\"https:\/\/facebook.com\/forcajovemvasco\",\"https:\/\/x.com\/forcajovem70\",\"https:\/\/instagram.com\/forcajovemvasco\",\"https:\/\/youtube.com\/tvforca\",\"https:\/\/tiktok.com\/@forcajovem70\"]}]}<\/script>\n<!-- \/ Yoast SEO Premium plugin. -->","yoast_head_json":{"title":"Regata Algod\u00e3o Parede Sede For\u00e7a Jovem Vasco - FJV - Portal Oficial da For\u00e7a Jovem do Vasco","description":"Regata Algod\u00e3o Parede Sede For\u00e7a Jovem Vasco \u00a0- Toda Sublimada Malha 100% Algod\u00e3o\u00a0- SUBLIMADA NA FRENTE E ATR\u00c1S - Vasco da Gama - Rio de Janeiro","robots":{"index":"index","follow":"follow","max-snippet":"max-snippet:-1","max-image-preview":"max-image-preview:large","max-video-preview":"max-video-preview:-1"},"canonical":"https:\/\/lojaforcajovem.com.br\/en\/product\/regata-algodao-parede-sede-forca-jovem-vasco-fjv\/","og_locale":"en_US","og_type":"article","og_title":"Regata Algod\u00e3o Parede Sede For\u00e7a Jovem Vasco - FJV","og_description":"Regata Algod\u00e3o Parede Sede For\u00e7a Jovem Vasco \u00a0- Toda Sublimada Malha 100% Algod\u00e3o\u00a0- SUBLIMADA NA FRENTE E ATR\u00c1S - Vasco da Gama - Rio de Janeiro","og_url":"https:\/\/lojaforcajovem.com.br\/en\/product\/regata-algodao-parede-sede-forca-jovem-vasco-fjv\/","og_site_name":"Portal Oficial da For\u00e7a Jovem do Vasco","article_publisher":"https:\/\/facebook.com\/forcajovemvasco","article_modified_time":"2026-04-05T17:53:20+00:00","og_image":[{"width":700,"height":650,"url":"https:\/\/lojaforcajovem.com.br\/wp-content\/uploads\/2025\/08\/regata_parede_01.png","type":"image\/png"}],"twitter_card":"summary_large_image","twitter_site":"@forcajovem70","twitter_misc":{"Est. reading time":"3 minutes"},"schema":{"@context":"https:\/\/schema.org","@graph":[{"@type":"WebPage","@id":"https:\/\/lojaforcajovem.com.br\/produto\/regata-algodao-parede-sede-forca-jovem-vasco-fjv\/","url":"https:\/\/lojaforcajovem.com.br\/produto\/regata-algodao-parede-sede-forca-jovem-vasco-fjv\/","name":"Regata Algod\u00e3o Parede Sede For\u00e7a Jovem Vasco - FJV - Portal Oficial da For\u00e7a Jovem do Vasco","isPartOf":{"@id":"https:\/\/lojaforcajovem.com.br\/#website"},"primaryImageOfPage":{"@id":"https:\/\/lojaforcajovem.com.br\/produto\/regata-algodao-parede-sede-forca-jovem-vasco-fjv\/#primaryimage"},"image":{"@id":"https:\/\/lojaforcajovem.com.br\/produto\/regata-algodao-parede-sede-forca-jovem-vasco-fjv\/#primaryimage"},"thumbnailUrl":"https:\/\/lojaforcajovem.com.br\/wp-content\/uploads\/2025\/08\/regata_parede_01.png","datePublished":"2025-08-02T12:14:57+00:00","dateModified":"2026-04-05T17:53:20+00:00","description":"Regata Algod\u00e3o Parede Sede For\u00e7a Jovem Vasco \u00a0- Toda Sublimada Malha 100% Algod\u00e3o\u00a0- SUBLIMADA NA FRENTE E ATR\u00c1S - Vasco da Gama - Rio de Janeiro","breadcrumb":{"@id":"https:\/\/lojaforcajovem.com.br\/produto\/regata-algodao-parede-sede-forca-jovem-vasco-fjv\/#breadcrumb"},"inLanguage":"en-US","potentialAction":[{"@type":"ReadAction","target":["https:\/\/lojaforcajovem.com.br\/produto\/regata-algodao-parede-sede-forca-jovem-vasco-fjv\/"]}]},{"@type":"ImageObject","inLanguage":"en-US","@id":"https:\/\/lojaforcajovem.com.br\/produto\/regata-algodao-parede-sede-forca-jovem-vasco-fjv\/#primaryimage","url":"https:\/\/lojaforcajovem.com.br\/wp-content\/uploads\/2025\/08\/regata_parede_01.png","contentUrl":"https:\/\/lojaforcajovem.com.br\/wp-content\/uploads\/2025\/08\/regata_parede_01.png","width":700,"height":650},{"@type":"BreadcrumbList","@id":"https:\/\/lojaforcajovem.com.br\/produto\/regata-algodao-parede-sede-forca-jovem-vasco-fjv\/#breadcrumb","itemListElement":[{"@type":"ListItem","position":1,"name":"In\u00edcio","item":"https:\/\/lojaforcajovem.com.br\/"},{"@type":"ListItem","position":2,"name":"Loja","item":"https:\/\/lojaforcajovem.com.br\/loja\/"},{"@type":"ListItem","position":3,"name":"Regata Algod\u00e3o Parede Sede For\u00e7a Jovem Vasco &#8211; FJV"}]},{"@type":"WebSite","@id":"https:\/\/lojaforcajovem.com.br\/#website","url":"https:\/\/lojaforcajovem.com.br\/","name":"Portal Oficial da For\u00e7a Jovem do Vasco da Gama","description":"Tudo sobre a For\u00e7a Jovem do Vasco em um s\u00f3 lugar, Loja Virtual, Site, Plataforma de Associados e muito mais.","publisher":{"@id":"https:\/\/lojaforcajovem.com.br\/#organization"},"potentialAction":[{"@type":"SearchAction","target":{"@type":"EntryPoint","urlTemplate":"https:\/\/lojaforcajovem.com.br\/?s={search_term_string}"},"query-input":{"@type":"PropertyValueSpecification","valueRequired":true,"valueName":"search_term_string"}}],"inLanguage":"en-US"},{"@type":"Organization","@id":"https:\/\/lojaforcajovem.com.br\/#organization","name":"Portal Oficial da For\u00e7a Jovem do Vasco da Gama","url":"https:\/\/lojaforcajovem.com.br\/","logo":{"@type":"ImageObject","inLanguage":"en-US","@id":"https:\/\/lojaforcajovem.com.br\/#\/schema\/logo\/image\/","url":"https:\/\/lojaforcajovem.com.br\/wp-content\/uploads\/2024\/12\/logofjv.png","contentUrl":"https:\/\/lojaforcajovem.com.br\/wp-content\/uploads\/2024\/12\/logofjv.png","width":572,"height":138,"caption":"Portal Oficial da For\u00e7a Jovem do Vasco da Gama"},"image":{"@id":"https:\/\/lojaforcajovem.com.br\/#\/schema\/logo\/image\/"},"sameAs":["https:\/\/facebook.com\/forcajovemvasco","https:\/\/x.com\/forcajovem70","https:\/\/instagram.com\/forcajovemvasco","https:\/\/youtube.com\/tvforca","https:\/\/tiktok.com\/@forcajovem70"]}]}},"_links":{"self":[{"href":"https:\/\/lojaforcajovem.com.br\/en\/wp-json\/wp\/v2\/product\/15815","targetHints":{"allow":["GET"]}}],"collection":[{"href":"https:\/\/lojaforcajovem.com.br\/en\/wp-json\/wp\/v2\/product"}],"about":[{"href":"https:\/\/lojaforcajovem.com.br\/en\/wp-json\/wp\/v2\/types\/product"}],"replies":[{"embeddable":true,"href":"https:\/\/lojaforcajovem.com.br\/en\/wp-json\/wp\/v2\/comments?post=15815"}],"version-history":[{"count":1,"href":"https:\/\/lojaforcajovem.com.br\/en\/wp-json\/wp\/v2\/product\/15815\/revisions"}],"predecessor-version":[{"id":15824,"href":"https:\/\/lojaforcajovem.com.br\/en\/wp-json\/wp\/v2\/product\/15815\/revisions\/15824"}],"wp:featuredmedia":[{"embeddable":true,"href":"https:\/\/lojaforcajovem.com.br\/en\/wp-json\/wp\/v2\/media\/21111"}],"wp:attachment":[{"href":"https:\/\/lojaforcajovem.com.br\/en\/wp-json\/wp\/v2\/media?parent=15815"}],"wp:term":[{"taxonomy":"product_brand","embeddable":true,"href":"https:\/\/lojaforcajovem.com.br\/en\/wp-json\/wp\/v2\/product_brand?post=15815"},{"taxonomy":"product_cat","embeddable":true,"href":"https:\/\/lojaforcajovem.com.br\/en\/wp-json\/wp\/v2\/product_cat?post=15815"},{"taxonomy":"product_tag","embeddable":true,"href":"https:\/\/lojaforcajovem.com.br\/en\/wp-json\/wp\/v2\/product_tag?post=15815"}],"curies":[{"name":"wp","href":"https:\/\/api.w.org\/{rel}","templated":true}]}}